{"id":1892415,"date":"2025-06-13T09:56:44","date_gmt":"2025-06-13T16:56:44","guid":{"rendered":"https:\/\/ori.iam8bit.com\/?page_id=1892415"},"modified":"2025-06-13T09:59:48","modified_gmt":"2025-06-13T16:59:48","slug":"iframe","status":"publish","type":"page","link":"https:\/\/ori.iam8bit.com\/es\/iframe\/","title":{"rendered":"iframe"},"content":{"rendered":"<div class=\"ori-codes\">\n\t\t<form id=\"ncd_codes_form\" class=\"ori-codes__form\" action=\"?\" method=\"POST\" data-trp-original-action=\"?\">\n\t\t\t<div id=\"ori-code-msg\" class=\"ori-codes__message\" aria-live=\"polite\"><\/div>\n\n\t\t\t<div id=\"ori-code-button\" class=\"ori-codes__message has-success\" aria-live=\"polite\" style=\"display: none;\">\n\t\t\t\t<p>\n\t\t\t\t\t<a href=\"\" class=\"ori-codes__download-link\" target=\"_blank\">Download File<\/a>\n\t\t\t\t<\/p>\n\t\t\t<\/div>\n\n\t\t\t<label for=\"ori_codes_field_code\">C\u00f3digo<span style=\"color: red;\">*<\/span><\/label>\n\t\t\t<input type=\"text\" id=\"ori_codes_field_code\" class=\"ori-codes__field-code\" aria-describedby=\"ori-code-msg\" placeholder=\"Escribe el c\u00f3digo aqu\u00ed\" name=\"ori-codes__field-code\" required>\n\n\t\t\t<label for=\"ori_codes_email\" class=\"email-label\">Registro de correo electr\u00f3nico<\/label>\n\t\t\t<input type=\"email\" id=\"ori_codes_email\" class=\"ori-codes__email\" aria-describedby=\"ori-code-msg\" placeholder=\"Escribe tu correo electr\u00f3nico aqu\u00ed\" name=\"ori-codes__email\">\n\n\t\t\t<!-- Consent Checkbox (not required) -->\n\t\t\t<div class=\"ori-codes__consent\">\n\t\t\t\t<input type=\"checkbox\" id=\"ori_consent_checkbox\" name=\"ori_consent_checkbox\">\n\t\t\t\t<label for=\"ori_consent_checkbox\">\n\t\t\t\t\tAl enviar este formulario, acepta recibir correos electr\u00f3nicos de marketing (incluidas ofertas promocionales y recordatorios de compra) de iam8bit Inc. en la direcci\u00f3n de correo electr\u00f3nico proporcionada. Puede retirar su consentimiento en cualquier momento haciendo clic en el enlace de cancelaci\u00f3n de suscripci\u00f3n de cualquiera de nuestros correos electr\u00f3nicos. Su informaci\u00f3n se procesar\u00e1 de acuerdo con nuestra \n\t\t\t\t\t<a href=\"https:\/\/www.iam8bit.com\/pages\/privacy-policy\" target=\"_blank\">Pol\u00edtica de privacidad<\/a> y \n\t\t\t\t\t<a href=\"https:\/\/www.iam8bit.com\/pages\/terms-conditions-policy\" target=\"_blank\">Condiciones de uso<\/a>. No vendemos ni compartimos sus datos personales con terceros para sus propios fines comerciales.\n\t\t\t\t<\/label>\n\t\t\t<\/div>\n\n\t\t\t<div class=\"g-recaptcha\" data-sitekey=\"6LezhPIZAAAAAIFr7YQ02upZwyFBx94JN2NxYQUE\" data-theme=\"dark\"><\/div>\n\t\t\t<button type=\"submit\" role=\"submit\" class=\"ori-codes__button\" aria-describedby=\"ori-code-msg\">\n\t\t\t\tEnviar\n\t\t\t<\/button>\n\t\t<input type=\"hidden\" name=\"trp-form-language\" value=\"es\"\/><\/form>\n\t<\/div>\n\n\t<script>\n\tdocument.getElementById('ncd_codes_form').addEventListener('submit', function (e) {\n\t\te.preventDefault(); \/\/ Prevent default form submission\n\n\t\tconst email = document.getElementById('ori_codes_email').value;\n\t\tconst code = document.getElementById('ori_codes_field_code').value;\n\t\tconst consentChecked = document.getElementById('ori_consent_checkbox').checked;\n\n\t\tif (!consentChecked) {\n\t\t\tconsole.log(\"Consent checkbox not checked; data will not be submitted.\");\n\t\t\treturn;\n\t\t}\n\n\t\t\/\/ Replace with your actual n8n webhook URL\n\t\tconst webhookUrl = 'https:\/\/ncdsolutions.app.n8n.cloud\/webhook\/c00c56d9-1a76-4de3-9508-c200a8127b24';\n\n\t\tfetch(webhookUrl, {\n\t\t\tmethod: 'POST',\n\t\t\theaders: {\n\t\t\t\t'Content-Type': 'application\/json'\n\t\t\t},\n\t\t\tbody: JSON.stringify({\n\t\t\t\temail: email,\n\t\t\t\tcode: code\n\t\t\t})\n\t\t});\n\t});\n\t<\/script>","protected":false},"excerpt":{"rendered":"Download File Code* Email Signup By submitting this form, you agree to receive marketing emails (including promotional offers and cart reminders) from iam8bit Inc. at the email address provided. You can withdraw your consent at any time by clicking the unsubscribe link in any of our emails. Your information will be processed in accordance with our Privacy Policy and Terms&hellip;","protected":false},"author":1,"featured_media":0,"parent":0,"menu_order":0,"comment_status":"closed","ping_status":"closed","template":"iframe-shortcode-template.php","meta":{"footnotes":""},"class_list":["post-1892415","page","type-page","status-publish","hentry"],"yoast_head":"<!-- This site is optimized with the Yoast SEO plugin v15.4 - https:\/\/yoast.com\/wordpress\/plugins\/seo\/ -->\n<title>iframe - Ori and the Will of the Wisps<\/title>\n<meta name=\"robots\" content=\"index, follow, max-snippet:-1, max-image-preview:large, max-video-preview:-1\" \/>\n<link rel=\"canonical\" href=\"https:\/\/ori.iam8bit.com\/es\/iframe\/\" \/>\n<meta property=\"og:locale\" content=\"es_ES\" \/>\n<meta property=\"og:type\" content=\"article\" \/>\n<meta property=\"og:title\" content=\"iframe - Ori and the Will of the Wisps\" \/>\n<meta property=\"og:url\" content=\"https:\/\/ori.iam8bit.com\/es\/iframe\/\" \/>\n<meta property=\"og:site_name\" content=\"Ori and the Will of the Wisps\" \/>\n<meta property=\"article:modified_time\" content=\"2025-06-13T16:59:48+00:00\" \/>\n<meta name=\"twitter:card\" content=\"summary_large_image\" \/>\n<meta name=\"twitter:label1\" content=\"Written by\">\n\t<meta name=\"twitter:data1\" content=\"ori_zf44a4\">\n\t<meta name=\"twitter:label2\" content=\"Est. reading time\">\n\t<meta name=\"twitter:data2\" content=\"0 minutos\">\n<script type=\"application\/ld+json\" class=\"yoast-schema-graph\">{\"@context\":\"https:\/\/schema.org\",\"@graph\":[{\"@type\":\"WebSite\",\"@id\":\"https:\/\/atwisted.wpengine.com\/#website\",\"url\":\"https:\/\/atwisted.wpengine.com\/\",\"name\":\"Ori and the Will of the Wisps\",\"description\":\"From the creators of the multi award winning Ori and the Blind Forest comes the highly anticipated sequel: Ori and the Will of the Wisps\",\"potentialAction\":[{\"@type\":\"SearchAction\",\"target\":\"https:\/\/atwisted.wpengine.com\/?s={search_term_string}\",\"query-input\":\"required name=search_term_string\"}],\"inLanguage\":\"es\"},{\"@type\":\"WebPage\",\"@id\":\"https:\/\/ori.iam8bit.com\/iframe\/#webpage\",\"url\":\"https:\/\/ori.iam8bit.com\/iframe\/\",\"name\":\"iframe - Ori and the Will of the Wisps\",\"isPartOf\":{\"@id\":\"https:\/\/atwisted.wpengine.com\/#website\"},\"datePublished\":\"2025-06-13T16:56:44+00:00\",\"dateModified\":\"2025-06-13T16:59:48+00:00\",\"inLanguage\":\"es\",\"potentialAction\":[{\"@type\":\"ReadAction\",\"target\":[\"https:\/\/ori.iam8bit.com\/iframe\/\"]}]}]}<\/script>\n<!-- \/ Yoast SEO plugin. -->","_links":{"self":[{"href":"https:\/\/ori.iam8bit.com\/es\/wp-json\/wp\/v2\/pages\/1892415","targetHints":{"allow":["GET"]}}],"collection":[{"href":"https:\/\/ori.iam8bit.com\/es\/wp-json\/wp\/v2\/pages"}],"about":[{"href":"https:\/\/ori.iam8bit.com\/es\/wp-json\/wp\/v2\/types\/page"}],"author":[{"embeddable":true,"href":"https:\/\/ori.iam8bit.com\/es\/wp-json\/wp\/v2\/users\/1"}],"replies":[{"embeddable":true,"href":"https:\/\/ori.iam8bit.com\/es\/wp-json\/wp\/v2\/comments?post=1892415"}],"version-history":[{"count":0,"href":"https:\/\/ori.iam8bit.com\/es\/wp-json\/wp\/v2\/pages\/1892415\/revisions"}],"wp:attachment":[{"href":"https:\/\/ori.iam8bit.com\/es\/wp-json\/wp\/v2\/media?parent=1892415"}],"curies":[{"name":"wp","href":"https:\/\/api.w.org\/{rel}","templated":true}]}}