{"id":421732,"date":"2020-12-04T08:30:58","date_gmt":"2020-12-04T16:30:58","guid":{"rendered":"https:\/\/ori.iam8bit.com\/?page_id=421732"},"modified":"2021-10-31T05:13:45","modified_gmt":"2021-10-31T12:13:45","slug":"music","status":"publish","type":"page","link":"https:\/\/ori.iam8bit.com\/de\/music\/","title":{"rendered":"Music"},"content":{"rendered":"<div class=\"vc_row wpb_row vc_row-fluid la_fp_slide la_fp_child_section\"><div class=\"wpb_column vc_column_container vc_col-sm-12\"><div class=\"vc_column-inner\"><div class=\"wpb_wrapper\">\n\t<div class=\"wpb_raw_code wpb_content_element wpb_raw_html\" >\n\t\t<div class=\"wpb_wrapper\">\n\t\t\t<style type=\"text\/css\">\n.mc4wp-response {\nfont-size: 26px;\ncolor: #ffbf00;\nline-height: 1;\ntext-align: center;\nmargin: 40px auto;\n}\n<\/style>\n\t\t<\/div>\n\t<\/div>\n<div class=\"vc_empty_space\"   style=\"height: 10px\"><span class=\"vc_empty_space_inner\"><\/span><\/div>\n\t<div class=\"wpb_text_column wpb_content_element  vc_custom_1614463024840\" >\n\t\t<div class=\"wpb_wrapper\">\n\t\t\t<p class=\"ori-font\" style=\"text-align: center;\">Thank you for purchasing the physical edition of &#8220;Ori and the Blind Forest&#8221; on Nintendo Switch.<\/p>\n<p class=\"ori-font\" style=\"text-align: center;\">Your voucher entitles you to one (1) complimentary download of the &#8220;Ori and the Blind Forest&#8221; -OR- &#8220;Ori and the Will of the Wisps&#8221; soundtrack in digital format, for transfer to your computer or portable music player.<\/p>\n<p style=\"text-align: center;\">Please enter your code, email below, and make sure you include the dash. Also, the first character is an &#8220;O&#8221; and not a zero. Agree to the Recaptcha and click submit. Once you click &#8220;submit &#8220;please wait until the code is verified and the download button appears.<\/p>\n\n\t\t<\/div>\n\t<\/div>\n<div class=\"vc_row wpb_row vc_inner vc_row-fluid\"><div class=\"wpb_column vc_column_container vc_col-sm-3\"><div class=\"vc_column-inner\"><div class=\"wpb_wrapper\"><\/div><\/div><\/div><div class=\"wpb_column vc_column_container vc_col-sm-6\"><div class=\"vc_column-inner\"><div class=\"wpb_wrapper\">\n\t<div class=\"wpb_text_column wpb_content_element\" >\n\t\t<div class=\"wpb_wrapper\">\n\t\t\t\n\t<div class=\"ori-codes\">\n\t\t<form id=\"ncd_codes_form\" class=\"ori-codes__form\" action=\"?\" method=\"POST\" data-trp-original-action=\"?\">\n\t\t\t<div id=\"ori-code-msg\" class=\"ori-codes__message\" aria-live=\"polite\"><\/div>\n\n\t\t\t<div id=\"ori-code-button\" class=\"ori-codes__message has-success\" aria-live=\"polite\" style=\"display: none;\">\n\t\t\t\t<p>\n\t\t\t\t\t<a href=\"\" class=\"ori-codes__download-link\" target=\"_blank\">Download File<\/a>\n\t\t\t\t<\/p>\n\t\t\t<\/div>\n\n\t\t\t<label for=\"ori_codes_field_code\">Code<span style=\"color: red;\">*<\/span><\/label>\n\t\t\t<input type=\"text\" id=\"ori_codes_field_code\" class=\"ori-codes__field-code\" aria-describedby=\"ori-code-msg\" placeholder=\"Geben Sie hier Ihren Code ein\" name=\"ori-codes__field-code\" required>\n\n\t\t\t<label for=\"ori_codes_email\" class=\"email-label\">E-Mail-Anmeldung<\/label>\n\t\t\t<input type=\"email\" id=\"ori_codes_email\" class=\"ori-codes__email\" aria-describedby=\"ori-code-msg\" placeholder=\"Gib hier deine E-Mail-Adresse ein\" name=\"ori-codes__email\">\n\n\t\t\t<!-- Consent Checkbox (not required) -->\n\t\t\t<div class=\"ori-codes__consent\">\n\t\t\t\t<input type=\"checkbox\" id=\"ori_consent_checkbox\" name=\"ori_consent_checkbox\">\n\t\t\t\t<label for=\"ori_consent_checkbox\">\n\t\t\t\t\tMit dem Absenden dieses Formulars erkl\u00e4ren Sie sich damit einverstanden, Marketing-E-Mails (einschlie\u00dflich Werbeangeboten und Warenkorberinnerungen) von iam8bit Inc. an die angegebene E-Mail-Adresse zu erhalten. Sie k\u00f6nnen Ihre Zustimmung jederzeit widerrufen, indem Sie auf den Abmeldelink in einer unserer E-Mails klicken. Ihre Informationen werden in \u00dcbereinstimmung mit unseren \n\t\t\t\t\t<a href=\"https:\/\/www.iam8bit.com\/pages\/privacy-policy\" target=\"_blank\">Datenschutzbestimmungen<\/a> und \n\t\t\t\t\t<a href=\"https:\/\/www.iam8bit.com\/pages\/terms-conditions-policy\" target=\"_blank\">Bedingungen der Dienstleistung<\/a>. Wir verkaufen Ihre personenbezogenen Daten nicht und geben sie nicht an Dritte f\u00fcr deren eigene Marketingzwecke weiter.\n\t\t\t\t<\/label>\n\t\t\t<\/div>\n\n\t\t\t<div class=\"g-recaptcha\" data-sitekey=\"6LezhPIZAAAAAIFr7YQ02upZwyFBx94JN2NxYQUE\" data-theme=\"dark\"><\/div>\n\t\t\t<button type=\"submit\" role=\"submit\" class=\"ori-codes__button\" aria-describedby=\"ori-code-msg\">\n\t\t\t\tEinreichen\n\t\t\t<\/button>\n\t\t<input type=\"hidden\" name=\"trp-form-language\" value=\"de\"\/><\/form>\n\t<\/div>\n\n\t<script>\n\tdocument.getElementById('ncd_codes_form').addEventListener('submit', function (e) {\n\t\te.preventDefault(); \/\/ Prevent default form submission\n\n\t\tconst email = document.getElementById('ori_codes_email').value;\n\t\tconst code = document.getElementById('ori_codes_field_code').value;\n\t\tconst consentChecked = document.getElementById('ori_consent_checkbox').checked;\n\n\t\tif (!consentChecked) {\n\t\t\tconsole.log(\"Consent checkbox not checked; data will not be submitted.\");\n\t\t\treturn;\n\t\t}\n\n\t\t\/\/ Replace with your actual n8n webhook URL\n\t\tconst webhookUrl = 'https:\/\/ncdsolutions.app.n8n.cloud\/webhook\/c00c56d9-1a76-4de3-9508-c200a8127b24';\n\n\t\tfetch(webhookUrl, {\n\t\t\tmethod: 'POST',\n\t\t\theaders: {\n\t\t\t\t'Content-Type': 'application\/json'\n\t\t\t},\n\t\t\tbody: JSON.stringify({\n\t\t\t\temail: email,\n\t\t\t\tcode: code\n\t\t\t})\n\t\t});\n\t});\n\t<\/script>\n\n\t\n\n\t\t<\/div>\n\t<\/div>\n<\/div><\/div><\/div><div class=\"wpb_column vc_column_container vc_col-sm-3\"><div class=\"vc_column-inner\"><div class=\"wpb_wrapper\"><\/div><\/div><\/div><\/div><\/div><\/div><\/div><\/div><div class=\"vc_row wpb_row vc_row-fluid la_fp_slide la_fp_child_section\"><div class=\"wpb_column vc_column_container vc_col-sm-12\"><div class=\"vc_column-inner\"><div class=\"wpb_wrapper\"><div class=\"vc_empty_space\"   style=\"height: 60px\"><span class=\"vc_empty_space_inner\"><\/span><\/div><div class=\"vc_separator wpb_content_element vc_separator_align_center vc_sep_width_100 vc_sep_pos_align_center vc_separator_no_text vc_sep_color_white\" ><span class=\"vc_sep_holder vc_sep_holder_l\"><span  class=\"vc_sep_line\"><\/span><\/span><span class=\"vc_sep_holder vc_sep_holder_r\"><span  class=\"vc_sep_line\"><\/span><\/span>\n<\/div><div class=\"vc_empty_space\"   style=\"height: 60px\"><span class=\"vc_empty_space_inner\"><\/span><\/div><div class=\"vc_row wpb_row vc_inner vc_row-fluid\"><div class=\"wpb_column vc_column_container vc_col-sm-12\"><div class=\"vc_column-inner\"><div class=\"wpb_wrapper\">\n\t<div class=\"wpb_text_column wpb_content_element\" >\n\t\t<div class=\"wpb_wrapper\">\n\t\t\t<p class=\"ori-font\" style=\"text-align: center;\">Having issues redeeming your code?\u00a0 Please <a href=\"https:\/\/ori.iam8bit.com\/de\/music-support\/\">contact us<\/a> and will jump in to help!<\/p>\n<p class=\"ori-font\" style=\"text-align: center;\"><a href=\"https:\/\/ori.iam8bit.com\/de\/music-support\/\">https:\/\/ori.iam8bit.com\/music-support\/<\/a><\/p>\n\n\t\t<\/div>\n\t<\/div>\n<\/div><\/div><\/div><\/div><\/div><\/div><\/div><\/div>","protected":false},"excerpt":{"rendered":"Thank you for purchasing the physical edition of \"Ori and the Blind Forest\" on Nintendo Switch. Your voucher entitles you to one (1) complimentary download of the \"Ori and the Blind Forest\" -OR- \"Ori and the Will of the Wisps\" soundtrack in digital format, for transfer to your computer or portable music player. Please enter your code, email below, and&hellip;","protected":false},"author":1,"featured_media":0,"parent":0,"menu_order":0,"comment_status":"closed","ping_status":"closed","template":"","meta":{"footnotes":""},"class_list":["post-421732","page","type-page","status-publish","hentry"],"yoast_head":"<!-- This site is optimized with the Yoast SEO plugin v15.4 - https:\/\/yoast.com\/wordpress\/plugins\/seo\/ -->\n<title>Music - Ori and the Will of the Wisps<\/title>\n<meta name=\"robots\" content=\"index, follow, max-snippet:-1, max-image-preview:large, max-video-preview:-1\" \/>\n<link rel=\"canonical\" href=\"https:\/\/ori.iam8bit.com\/de\/music\/\" \/>\n<meta property=\"og:locale\" content=\"de_DE\" \/>\n<meta property=\"og:type\" content=\"article\" \/>\n<meta property=\"og:title\" content=\"Music - Ori and the Will of the Wisps\" \/>\n<meta property=\"og:url\" content=\"https:\/\/ori.iam8bit.com\/de\/music\/\" \/>\n<meta property=\"og:site_name\" content=\"Ori and the Will of the Wisps\" \/>\n<meta property=\"article:modified_time\" content=\"2021-10-31T12:13:45+00:00\" \/>\n<meta name=\"twitter:card\" content=\"summary_large_image\" \/>\n<meta name=\"twitter:label1\" content=\"Written by\">\n\t<meta name=\"twitter:data1\" content=\"ori_zf44a4\">\n\t<meta name=\"twitter:label2\" content=\"Est. reading time\">\n\t<meta name=\"twitter:data2\" content=\"1\u00a0Minute\">\n<script type=\"application\/ld+json\" class=\"yoast-schema-graph\">{\"@context\":\"https:\/\/schema.org\",\"@graph\":[{\"@type\":\"WebSite\",\"@id\":\"https:\/\/atwisted.wpengine.com\/#website\",\"url\":\"https:\/\/atwisted.wpengine.com\/\",\"name\":\"Ori and the Will of the Wisps\",\"description\":\"From the creators of the multi award winning Ori and the Blind Forest comes the highly anticipated sequel: Ori and the Will of the Wisps\",\"potentialAction\":[{\"@type\":\"SearchAction\",\"target\":\"https:\/\/atwisted.wpengine.com\/?s={search_term_string}\",\"query-input\":\"required name=search_term_string\"}],\"inLanguage\":\"de\"},{\"@type\":\"WebPage\",\"@id\":\"https:\/\/ori.iam8bit.com\/music\/#webpage\",\"url\":\"https:\/\/ori.iam8bit.com\/music\/\",\"name\":\"Music - Ori and the Will of the Wisps\",\"isPartOf\":{\"@id\":\"https:\/\/atwisted.wpengine.com\/#website\"},\"datePublished\":\"2020-12-04T16:30:58+00:00\",\"dateModified\":\"2021-10-31T12:13:45+00:00\",\"inLanguage\":\"de\",\"potentialAction\":[{\"@type\":\"ReadAction\",\"target\":[\"https:\/\/ori.iam8bit.com\/music\/\"]}]}]}<\/script>\n<!-- \/ Yoast SEO plugin. -->","_links":{"self":[{"href":"https:\/\/ori.iam8bit.com\/de\/wp-json\/wp\/v2\/pages\/421732","targetHints":{"allow":["GET"]}}],"collection":[{"href":"https:\/\/ori.iam8bit.com\/de\/wp-json\/wp\/v2\/pages"}],"about":[{"href":"https:\/\/ori.iam8bit.com\/de\/wp-json\/wp\/v2\/types\/page"}],"author":[{"embeddable":true,"href":"https:\/\/ori.iam8bit.com\/de\/wp-json\/wp\/v2\/users\/1"}],"replies":[{"embeddable":true,"href":"https:\/\/ori.iam8bit.com\/de\/wp-json\/wp\/v2\/comments?post=421732"}],"version-history":[{"count":0,"href":"https:\/\/ori.iam8bit.com\/de\/wp-json\/wp\/v2\/pages\/421732\/revisions"}],"wp:attachment":[{"href":"https:\/\/ori.iam8bit.com\/de\/wp-json\/wp\/v2\/media?parent=421732"}],"curies":[{"name":"wp","href":"https:\/\/api.w.org\/{rel}","templated":true}]}}